{"id":1883,"date":"2022-10-19T15:53:04","date_gmt":"2022-10-19T13:53:04","guid":{"rendered":"https:\/\/www.bambule.co.at\/ueber-mich\/"},"modified":"2026-03-25T15:15:45","modified_gmt":"2026-03-25T14:15:45","slug":"o-meni","status":"publish","type":"page","link":"https:\/\/www.bambule.co.at\/yu\/o-meni\/","title":{"rendered":"o Meni&#8230;"},"content":{"rendered":"<p>Sa jasno\u0107om. Sa srcem.<\/p>\n","protected":false},"excerpt":{"rendered":"<p>Sa jasno\u0107om. Sa srcem.<\/p>\n","protected":false},"author":1,"featured_media":0,"parent":0,"menu_order":10,"comment_status":"closed","ping_status":"closed","template":"","meta":{"_acf_changed":false,"footnotes":""},"acf":[],"yoast_head":"<!-- This site is optimized with the Yoast SEO plugin v24.5 - https:\/\/yoast.com\/wordpress\/plugins\/seo\/ -->\n<title>o Meni... - Bambule<\/title>\n<meta name=\"robots\" content=\"index, follow, max-snippet:-1, max-image-preview:large, max-video-preview:-1\" \/>\n<link rel=\"canonical\" href=\"https:\/\/www.bambule.co.at\/yu\/o-meni\/\" \/>\n<meta property=\"og:locale\" content=\"en_US\" \/>\n<meta property=\"og:type\" content=\"article\" \/>\n<meta property=\"og:title\" content=\"o Meni... - Bambule\" \/>\n<meta property=\"og:description\" content=\"Sa jasno\u0107om. Sa srcem.\" \/>\n<meta property=\"og:url\" content=\"https:\/\/www.bambule.co.at\/yu\/o-meni\/\" \/>\n<meta property=\"og:site_name\" content=\"Bambule\" \/>\n<meta property=\"article:modified_time\" content=\"2026-03-25T14:15:45+00:00\" \/>\n<meta name=\"twitter:card\" content=\"summary_large_image\" \/>\n<meta name=\"twitter:label1\" content=\"Est. reading time\" \/>\n\t<meta name=\"twitter:data1\" content=\"1 minute\" \/>\n<script type=\"application\/ld+json\" class=\"yoast-schema-graph\">{\"@context\":\"https:\/\/schema.org\",\"@graph\":[{\"@type\":\"WebPage\",\"@id\":\"https:\/\/www.bambule.co.at\/yu\/o-meni\/\",\"url\":\"https:\/\/www.bambule.co.at\/yu\/o-meni\/\",\"name\":\"o Meni... - Bambule\",\"isPartOf\":{\"@id\":\"https:\/\/www.bambule.co.at\/yu\/#website\"},\"datePublished\":\"2022-10-19T13:53:04+00:00\",\"dateModified\":\"2026-03-25T14:15:45+00:00\",\"breadcrumb\":{\"@id\":\"https:\/\/www.bambule.co.at\/yu\/o-meni\/#breadcrumb\"},\"inLanguage\":\"yu-YU\",\"potentialAction\":[{\"@type\":\"ReadAction\",\"target\":[\"https:\/\/www.bambule.co.at\/yu\/o-meni\/\"]}]},{\"@type\":\"BreadcrumbList\",\"@id\":\"https:\/\/www.bambule.co.at\/yu\/o-meni\/#breadcrumb\",\"itemListElement\":[{\"@type\":\"ListItem\",\"position\":1,\"name\":\"Startseite\",\"item\":\"https:\/\/www.bambule.co.at\/yu\/\"},{\"@type\":\"ListItem\",\"position\":2,\"name\":\"o Meni&#8230;\"}]},{\"@type\":\"WebSite\",\"@id\":\"https:\/\/www.bambule.co.at\/yu\/#website\",\"url\":\"https:\/\/www.bambule.co.at\/yu\/\",\"name\":\"Bambule - RAUM F\u00dcR (R)EVOLUTION\u00c4RE SEELEN\",\"description\":\"RAUM F\u00dcR (R)EVOLUTION\u00c4RE SEELEN\",\"publisher\":{\"@id\":\"https:\/\/www.bambule.co.at\/yu\/#organization\"},\"potentialAction\":[{\"@type\":\"SearchAction\",\"target\":{\"@type\":\"EntryPoint\",\"urlTemplate\":\"https:\/\/www.bambule.co.at\/yu\/?s={search_term_string}\"},\"query-input\":{\"@type\":\"PropertyValueSpecification\",\"valueRequired\":true,\"valueName\":\"search_term_string\"}}],\"inLanguage\":\"yu-YU\"},{\"@type\":\"Organization\",\"@id\":\"https:\/\/www.bambule.co.at\/yu\/#organization\",\"name\":\"bambule - Nadja Rohrmoser\",\"url\":\"https:\/\/www.bambule.co.at\/yu\/\",\"logo\":{\"@type\":\"ImageObject\",\"inLanguage\":\"yu-YU\",\"@id\":\"https:\/\/www.bambule.co.at\/yu\/#\/schema\/logo\/image\/\",\"url\":\"https:\/\/www.bambule.co.at\/wp-content\/uploads\/2023\/06\/bambule_logo.png\",\"contentUrl\":\"https:\/\/www.bambule.co.at\/wp-content\/uploads\/2023\/06\/bambule_logo.png\",\"width\":800,\"height\":720,\"caption\":\"bambule - Nadja Rohrmoser\"},\"image\":{\"@id\":\"https:\/\/www.bambule.co.at\/yu\/#\/schema\/logo\/image\/\"}}]}<\/script>\n<!-- \/ Yoast SEO plugin. -->","yoast_head_json":{"title":"o Meni... - Bambule","robots":{"index":"index","follow":"follow","max-snippet":"max-snippet:-1","max-image-preview":"max-image-preview:large","max-video-preview":"max-video-preview:-1"},"canonical":"https:\/\/www.bambule.co.at\/yu\/o-meni\/","og_locale":"en_US","og_type":"article","og_title":"o Meni... - Bambule","og_description":"Sa jasno\u0107om. Sa srcem.","og_url":"https:\/\/www.bambule.co.at\/yu\/o-meni\/","og_site_name":"Bambule","article_modified_time":"2026-03-25T14:15:45+00:00","twitter_card":"summary_large_image","twitter_misc":{"Est. reading time":"1 minute"},"schema":{"@context":"https:\/\/schema.org","@graph":[{"@type":"WebPage","@id":"https:\/\/www.bambule.co.at\/yu\/o-meni\/","url":"https:\/\/www.bambule.co.at\/yu\/o-meni\/","name":"o Meni... - Bambule","isPartOf":{"@id":"https:\/\/www.bambule.co.at\/yu\/#website"},"datePublished":"2022-10-19T13:53:04+00:00","dateModified":"2026-03-25T14:15:45+00:00","breadcrumb":{"@id":"https:\/\/www.bambule.co.at\/yu\/o-meni\/#breadcrumb"},"inLanguage":"yu-YU","potentialAction":[{"@type":"ReadAction","target":["https:\/\/www.bambule.co.at\/yu\/o-meni\/"]}]},{"@type":"BreadcrumbList","@id":"https:\/\/www.bambule.co.at\/yu\/o-meni\/#breadcrumb","itemListElement":[{"@type":"ListItem","position":1,"name":"Startseite","item":"https:\/\/www.bambule.co.at\/yu\/"},{"@type":"ListItem","position":2,"name":"o Meni&#8230;"}]},{"@type":"WebSite","@id":"https:\/\/www.bambule.co.at\/yu\/#website","url":"https:\/\/www.bambule.co.at\/yu\/","name":"Bambule - RAUM F\u00dcR (R)EVOLUTION\u00c4RE SEELEN","description":"RAUM F\u00dcR (R)EVOLUTION\u00c4RE SEELEN","publisher":{"@id":"https:\/\/www.bambule.co.at\/yu\/#organization"},"potentialAction":[{"@type":"SearchAction","target":{"@type":"EntryPoint","urlTemplate":"https:\/\/www.bambule.co.at\/yu\/?s={search_term_string}"},"query-input":{"@type":"PropertyValueSpecification","valueRequired":true,"valueName":"search_term_string"}}],"inLanguage":"yu-YU"},{"@type":"Organization","@id":"https:\/\/www.bambule.co.at\/yu\/#organization","name":"bambule - Nadja Rohrmoser","url":"https:\/\/www.bambule.co.at\/yu\/","logo":{"@type":"ImageObject","inLanguage":"yu-YU","@id":"https:\/\/www.bambule.co.at\/yu\/#\/schema\/logo\/image\/","url":"https:\/\/www.bambule.co.at\/wp-content\/uploads\/2023\/06\/bambule_logo.png","contentUrl":"https:\/\/www.bambule.co.at\/wp-content\/uploads\/2023\/06\/bambule_logo.png","width":800,"height":720,"caption":"bambule - Nadja Rohrmoser"},"image":{"@id":"https:\/\/www.bambule.co.at\/yu\/#\/schema\/logo\/image\/"}}]}},"_links":{"self":[{"href":"https:\/\/www.bambule.co.at\/yu\/wp-json\/wp\/v2\/pages\/1883"}],"collection":[{"href":"https:\/\/www.bambule.co.at\/yu\/wp-json\/wp\/v2\/pages"}],"about":[{"href":"https:\/\/www.bambule.co.at\/yu\/wp-json\/wp\/v2\/types\/page"}],"author":[{"embeddable":true,"href":"https:\/\/www.bambule.co.at\/yu\/wp-json\/wp\/v2\/users\/1"}],"replies":[{"embeddable":true,"href":"https:\/\/www.bambule.co.at\/yu\/wp-json\/wp\/v2\/comments?post=1883"}],"version-history":[{"count":4,"href":"https:\/\/www.bambule.co.at\/yu\/wp-json\/wp\/v2\/pages\/1883\/revisions"}],"predecessor-version":[{"id":2725,"href":"https:\/\/www.bambule.co.at\/yu\/wp-json\/wp\/v2\/pages\/1883\/revisions\/2725"}],"wp:attachment":[{"href":"https:\/\/www.bambule.co.at\/yu\/wp-json\/wp\/v2\/media?parent=1883"}],"curies":[{"name":"wp","href":"https:\/\/api.w.org\/{rel}","templated":true}]}}