{"id":1878,"date":"2024-04-08T09:12:28","date_gmt":"2024-04-08T07:12:28","guid":{"rendered":"https:\/\/www.bambule.co.at\/raum-fuer-dich\/"},"modified":"2024-04-24T20:42:43","modified_gmt":"2024-04-24T18:42:43","slug":"prostor-za-vas","status":"publish","type":"page","link":"https:\/\/www.bambule.co.at\/yu\/prostor-za-vas\/","title":{"rendered":"Prostor za tebe"},"content":{"rendered":"","protected":false},"excerpt":{"rendered":"","protected":false},"author":2,"featured_media":0,"parent":0,"menu_order":20,"comment_status":"closed","ping_status":"closed","template":"","meta":{"_acf_changed":false,"footnotes":""},"acf":[],"yoast_head":"<!-- This site is optimized with the Yoast SEO plugin v24.5 - https:\/\/yoast.com\/wordpress\/plugins\/seo\/ -->\n<title>Prostor za tebe - Bambule<\/title>\n<meta name=\"robots\" content=\"index, follow, max-snippet:-1, max-image-preview:large, max-video-preview:-1\" \/>\n<link rel=\"canonical\" href=\"https:\/\/www.bambule.co.at\/yu\/prostor-za-vas\/\" \/>\n<meta property=\"og:locale\" content=\"en_US\" \/>\n<meta property=\"og:type\" content=\"article\" \/>\n<meta property=\"og:title\" content=\"Prostor za tebe - Bambule\" \/>\n<meta property=\"og:url\" content=\"https:\/\/www.bambule.co.at\/yu\/prostor-za-vas\/\" \/>\n<meta property=\"og:site_name\" content=\"Bambule\" \/>\n<meta property=\"article:modified_time\" content=\"2024-04-24T18:42:43+00:00\" \/>\n<meta name=\"twitter:card\" content=\"summary_large_image\" \/>\n<script type=\"application\/ld+json\" class=\"yoast-schema-graph\">{\"@context\":\"https:\/\/schema.org\",\"@graph\":[{\"@type\":\"WebPage\",\"@id\":\"https:\/\/www.bambule.co.at\/yu\/prostor-za-vas\/\",\"url\":\"https:\/\/www.bambule.co.at\/yu\/prostor-za-vas\/\",\"name\":\"Prostor za tebe - Bambule\",\"isPartOf\":{\"@id\":\"https:\/\/www.bambule.co.at\/yu\/#website\"},\"datePublished\":\"2024-04-08T07:12:28+00:00\",\"dateModified\":\"2024-04-24T18:42:43+00:00\",\"breadcrumb\":{\"@id\":\"https:\/\/www.bambule.co.at\/yu\/prostor-za-vas\/#breadcrumb\"},\"inLanguage\":\"yu-YU\",\"potentialAction\":[{\"@type\":\"ReadAction\",\"target\":[\"https:\/\/www.bambule.co.at\/yu\/prostor-za-vas\/\"]}]},{\"@type\":\"BreadcrumbList\",\"@id\":\"https:\/\/www.bambule.co.at\/yu\/prostor-za-vas\/#breadcrumb\",\"itemListElement\":[{\"@type\":\"ListItem\",\"position\":1,\"name\":\"Startseite\",\"item\":\"https:\/\/www.bambule.co.at\/yu\/\"},{\"@type\":\"ListItem\",\"position\":2,\"name\":\"Prostor za tebe\"}]},{\"@type\":\"WebSite\",\"@id\":\"https:\/\/www.bambule.co.at\/yu\/#website\",\"url\":\"https:\/\/www.bambule.co.at\/yu\/\",\"name\":\"Bambule - RAUM F\u00dcR (R)EVOLUTION\u00c4RE SEELEN\",\"description\":\"RAUM F\u00dcR (R)EVOLUTION\u00c4RE SEELEN\",\"publisher\":{\"@id\":\"https:\/\/www.bambule.co.at\/yu\/#organization\"},\"potentialAction\":[{\"@type\":\"SearchAction\",\"target\":{\"@type\":\"EntryPoint\",\"urlTemplate\":\"https:\/\/www.bambule.co.at\/yu\/?s={search_term_string}\"},\"query-input\":{\"@type\":\"PropertyValueSpecification\",\"valueRequired\":true,\"valueName\":\"search_term_string\"}}],\"inLanguage\":\"yu-YU\"},{\"@type\":\"Organization\",\"@id\":\"https:\/\/www.bambule.co.at\/yu\/#organization\",\"name\":\"bambule - Nadja Rohrmoser\",\"url\":\"https:\/\/www.bambule.co.at\/yu\/\",\"logo\":{\"@type\":\"ImageObject\",\"inLanguage\":\"yu-YU\",\"@id\":\"https:\/\/www.bambule.co.at\/yu\/#\/schema\/logo\/image\/\",\"url\":\"https:\/\/www.bambule.co.at\/wp-content\/uploads\/2023\/06\/bambule_logo.png\",\"contentUrl\":\"https:\/\/www.bambule.co.at\/wp-content\/uploads\/2023\/06\/bambule_logo.png\",\"width\":800,\"height\":720,\"caption\":\"bambule - Nadja Rohrmoser\"},\"image\":{\"@id\":\"https:\/\/www.bambule.co.at\/yu\/#\/schema\/logo\/image\/\"}}]}<\/script>\n<!-- \/ Yoast SEO plugin. -->","yoast_head_json":{"title":"Prostor za tebe - Bambule","robots":{"index":"index","follow":"follow","max-snippet":"max-snippet:-1","max-image-preview":"max-image-preview:large","max-video-preview":"max-video-preview:-1"},"canonical":"https:\/\/www.bambule.co.at\/yu\/prostor-za-vas\/","og_locale":"en_US","og_type":"article","og_title":"Prostor za tebe - Bambule","og_url":"https:\/\/www.bambule.co.at\/yu\/prostor-za-vas\/","og_site_name":"Bambule","article_modified_time":"2024-04-24T18:42:43+00:00","twitter_card":"summary_large_image","schema":{"@context":"https:\/\/schema.org","@graph":[{"@type":"WebPage","@id":"https:\/\/www.bambule.co.at\/yu\/prostor-za-vas\/","url":"https:\/\/www.bambule.co.at\/yu\/prostor-za-vas\/","name":"Prostor za tebe - Bambule","isPartOf":{"@id":"https:\/\/www.bambule.co.at\/yu\/#website"},"datePublished":"2024-04-08T07:12:28+00:00","dateModified":"2024-04-24T18:42:43+00:00","breadcrumb":{"@id":"https:\/\/www.bambule.co.at\/yu\/prostor-za-vas\/#breadcrumb"},"inLanguage":"yu-YU","potentialAction":[{"@type":"ReadAction","target":["https:\/\/www.bambule.co.at\/yu\/prostor-za-vas\/"]}]},{"@type":"BreadcrumbList","@id":"https:\/\/www.bambule.co.at\/yu\/prostor-za-vas\/#breadcrumb","itemListElement":[{"@type":"ListItem","position":1,"name":"Startseite","item":"https:\/\/www.bambule.co.at\/yu\/"},{"@type":"ListItem","position":2,"name":"Prostor za tebe"}]},{"@type":"WebSite","@id":"https:\/\/www.bambule.co.at\/yu\/#website","url":"https:\/\/www.bambule.co.at\/yu\/","name":"Bambule - RAUM F\u00dcR (R)EVOLUTION\u00c4RE SEELEN","description":"RAUM F\u00dcR (R)EVOLUTION\u00c4RE SEELEN","publisher":{"@id":"https:\/\/www.bambule.co.at\/yu\/#organization"},"potentialAction":[{"@type":"SearchAction","target":{"@type":"EntryPoint","urlTemplate":"https:\/\/www.bambule.co.at\/yu\/?s={search_term_string}"},"query-input":{"@type":"PropertyValueSpecification","valueRequired":true,"valueName":"search_term_string"}}],"inLanguage":"yu-YU"},{"@type":"Organization","@id":"https:\/\/www.bambule.co.at\/yu\/#organization","name":"bambule - Nadja Rohrmoser","url":"https:\/\/www.bambule.co.at\/yu\/","logo":{"@type":"ImageObject","inLanguage":"yu-YU","@id":"https:\/\/www.bambule.co.at\/yu\/#\/schema\/logo\/image\/","url":"https:\/\/www.bambule.co.at\/wp-content\/uploads\/2023\/06\/bambule_logo.png","contentUrl":"https:\/\/www.bambule.co.at\/wp-content\/uploads\/2023\/06\/bambule_logo.png","width":800,"height":720,"caption":"bambule - Nadja Rohrmoser"},"image":{"@id":"https:\/\/www.bambule.co.at\/yu\/#\/schema\/logo\/image\/"}}]}},"_links":{"self":[{"href":"https:\/\/www.bambule.co.at\/yu\/wp-json\/wp\/v2\/pages\/1878"}],"collection":[{"href":"https:\/\/www.bambule.co.at\/yu\/wp-json\/wp\/v2\/pages"}],"about":[{"href":"https:\/\/www.bambule.co.at\/yu\/wp-json\/wp\/v2\/types\/page"}],"author":[{"embeddable":true,"href":"https:\/\/www.bambule.co.at\/yu\/wp-json\/wp\/v2\/users\/2"}],"replies":[{"embeddable":true,"href":"https:\/\/www.bambule.co.at\/yu\/wp-json\/wp\/v2\/comments?post=1878"}],"version-history":[{"count":3,"href":"https:\/\/www.bambule.co.at\/yu\/wp-json\/wp\/v2\/pages\/1878\/revisions"}],"predecessor-version":[{"id":2102,"href":"https:\/\/www.bambule.co.at\/yu\/wp-json\/wp\/v2\/pages\/1878\/revisions\/2102"}],"wp:attachment":[{"href":"https:\/\/www.bambule.co.at\/yu\/wp-json\/wp\/v2\/media?parent=1878"}],"curies":[{"name":"wp","href":"https:\/\/api.w.org\/{rel}","templated":true}]}}